{"id":7368,"date":"2021-11-25T10:37:39","date_gmt":"2021-11-25T13:37:39","guid":{"rendered":"https:\/\/andreetta.com.br\/?post_type=product&#038;p=7368"},"modified":"2021-11-25T10:38:49","modified_gmt":"2021-11-25T13:38:49","slug":"po-de-pedra-fino","status":"publish","type":"product","link":"https:\/\/andreetta.com.br\/?product=po-de-pedra-fino","title":{"rendered":"P\u00f3 de Pedra Fino"},"content":{"rendered":"<p>Tamb\u00e9m conhecido como\u00a0<strong>p\u00f3<\/strong>\u00a0de brita ou areia sint\u00e9tica, \u00e9 um material de constru\u00e7\u00e3o utilizado em cal\u00e7adas, asfaltos e na fabrica\u00e7\u00e3o de elementos pr\u00e9-moldados.\u00a0<strong>Serve<\/strong>\u00a0tamb\u00e9m para a prepara\u00e7\u00e3o de argamassa para assentamento e embo\u00e7o. \u00c9 utilizado em contrapiso para a estabiliza\u00e7\u00e3o do solo.<\/p>\n","protected":false},"excerpt":{"rendered":"<p>Tamb\u00e9m conhecido como\u00a0p\u00f3\u00a0de brita ou areia sint\u00e9tica, \u00e9 um material de constru\u00e7\u00e3o utilizado em cal\u00e7adas, asfaltos e na fabrica\u00e7\u00e3o de elementos pr\u00e9-moldados.\u00a0Serve\u00a0tamb\u00e9m para a prepara\u00e7\u00e3o de argamassa para assentamento e embo\u00e7o. \u00c9 utilizado em contrapiso para a estabiliza\u00e7\u00e3o do solo.<\/p>\n","protected":false},"featured_media":7369,"template":"","meta":[],"product_cat":[70,71],"product_tag":[],"_links":{"self":[{"href":"https:\/\/andreetta.com.br\/index.php?rest_route=\/wp\/v2\/product\/7368"}],"collection":[{"href":"https:\/\/andreetta.com.br\/index.php?rest_route=\/wp\/v2\/product"}],"about":[{"href":"https:\/\/andreetta.com.br\/index.php?rest_route=\/wp\/v2\/types\/product"}],"wp:featuredmedia":[{"embeddable":true,"href":"https:\/\/andreetta.com.br\/index.php?rest_route=\/wp\/v2\/media\/7369"}],"wp:attachment":[{"href":"https:\/\/andreetta.com.br\/index.php?rest_route=%2Fwp%2Fv2%2Fmedia&parent=7368"}],"wp:term":[{"taxonomy":"product_cat","embeddable":true,"href":"https:\/\/andreetta.com.br\/index.php?rest_route=%2Fwp%2Fv2%2Fproduct_cat&post=7368"},{"taxonomy":"product_tag","embeddable":true,"href":"https:\/\/andreetta.com.br\/index.php?rest_route=%2Fwp%2Fv2%2Fproduct_tag&post=7368"}],"curies":[{"name":"wp","href":"https:\/\/api.w.org\/{rel}","templated":true}]}}