{"id":7125,"date":"2021-08-12T18:25:05","date_gmt":"2021-08-12T21:25:05","guid":{"rendered":"http:\/\/162.241.92.114\/~andreetta\/?post_type=product&#038;p=7125"},"modified":"2022-06-01T15:15:21","modified_gmt":"2022-06-01T18:15:21","slug":"reminera-filler","status":"publish","type":"product","link":"https:\/\/andreetta.com.br\/?product=reminera-filler","title":{"rendered":"Reminera Filler"},"content":{"rendered":"<p>Filler de basalto \u00e8 um material nobre obtido atrav\u00e9s da moagem fina da britagem. Esse mineral possui uma granulometria muito fina o que faz uma maior absor\u00e7\u00e3o dele pelo solo. Agregando in\u00fameros benef\u00edcios para a lavoura e possibilitando uma melhor dispers\u00e3o do mesmo.<\/p>\n","protected":false},"excerpt":{"rendered":"<p>Filler de basalto \u00e8 um material nobre obtido atrav\u00e9s da moagem fina da britagem. Esse mineral possui uma granulometria muito fina o que faz uma maior absor\u00e7\u00e3o dele pelo solo. Agregando in\u00fameros benef\u00edcios para a lavoura e possibilitando uma melhor dispers\u00e3o do mesmo.<\/p>\n","protected":false},"featured_media":7358,"template":"","meta":[],"product_cat":[57],"product_tag":[],"_links":{"self":[{"href":"https:\/\/andreetta.com.br\/index.php?rest_route=\/wp\/v2\/product\/7125"}],"collection":[{"href":"https:\/\/andreetta.com.br\/index.php?rest_route=\/wp\/v2\/product"}],"about":[{"href":"https:\/\/andreetta.com.br\/index.php?rest_route=\/wp\/v2\/types\/product"}],"wp:featuredmedia":[{"embeddable":true,"href":"https:\/\/andreetta.com.br\/index.php?rest_route=\/wp\/v2\/media\/7358"}],"wp:attachment":[{"href":"https:\/\/andreetta.com.br\/index.php?rest_route=%2Fwp%2Fv2%2Fmedia&parent=7125"}],"wp:term":[{"taxonomy":"product_cat","embeddable":true,"href":"https:\/\/andreetta.com.br\/index.php?rest_route=%2Fwp%2Fv2%2Fproduct_cat&post=7125"},{"taxonomy":"product_tag","embeddable":true,"href":"https:\/\/andreetta.com.br\/index.php?rest_route=%2Fwp%2Fv2%2Fproduct_tag&post=7125"}],"curies":[{"name":"wp","href":"https:\/\/api.w.org\/{rel}","templated":true}]}}