{"id":7124,"date":"2021-08-12T18:19:19","date_gmt":"2021-08-12T21:19:19","guid":{"rendered":"http:\/\/162.241.92.114\/~andreetta\/?post_type=product&#038;p=7124"},"modified":"2021-11-22T11:36:12","modified_gmt":"2021-11-22T14:36:12","slug":"reminera-premium","status":"publish","type":"product","link":"https:\/\/andreetta.com.br\/?product=reminera-premium","title":{"rendered":"Reminera Premium"},"content":{"rendered":"<p>Premium \u00e9 um material nobre obtido atrav\u00e9s da moagem fina da britagem. O Premium possui uma granulometria de 2mm abaixo. O que faz desse material uma \u00f3tima associa\u00e7\u00e3o para aumentar a trabalhabilidade com o material. Agregando in\u00fameros benef\u00edcios para a lavoura e possibilitando um melhor espalhamento\/dispers\u00e3o do material.<\/p>\n","protected":false},"excerpt":{"rendered":"<p>Premium \u00e9 um material nobre obtido atrav\u00e9s da moagem fina da britagem. O Premium possui uma granulometria de 2mm abaixo. O que faz desse material uma \u00f3tima associa\u00e7\u00e3o para aumentar a trabalhabilidade com o material. Agregando in\u00fameros benef\u00edcios para a lavoura e possibilitando um melhor espalhamento\/dispers\u00e3o do material.<\/p>\n","protected":false},"featured_media":7359,"template":"","meta":[],"product_cat":[70,71],"product_tag":[],"_links":{"self":[{"href":"https:\/\/andreetta.com.br\/index.php?rest_route=\/wp\/v2\/product\/7124"}],"collection":[{"href":"https:\/\/andreetta.com.br\/index.php?rest_route=\/wp\/v2\/product"}],"about":[{"href":"https:\/\/andreetta.com.br\/index.php?rest_route=\/wp\/v2\/types\/product"}],"wp:featuredmedia":[{"embeddable":true,"href":"https:\/\/andreetta.com.br\/index.php?rest_route=\/wp\/v2\/media\/7359"}],"wp:attachment":[{"href":"https:\/\/andreetta.com.br\/index.php?rest_route=%2Fwp%2Fv2%2Fmedia&parent=7124"}],"wp:term":[{"taxonomy":"product_cat","embeddable":true,"href":"https:\/\/andreetta.com.br\/index.php?rest_route=%2Fwp%2Fv2%2Fproduct_cat&post=7124"},{"taxonomy":"product_tag","embeddable":true,"href":"https:\/\/andreetta.com.br\/index.php?rest_route=%2Fwp%2Fv2%2Fproduct_tag&post=7124"}],"curies":[{"name":"wp","href":"https:\/\/api.w.org\/{rel}","templated":true}]}}