{"id":7122,"date":"2021-08-12T18:16:52","date_gmt":"2021-08-12T21:16:52","guid":{"rendered":"http:\/\/162.241.92.114\/~andreetta\/?post_type=product&#038;p=7122"},"modified":"2021-11-25T10:35:26","modified_gmt":"2021-11-25T13:35:26","slug":"po-de-pedra","status":"publish","type":"product","link":"https:\/\/andreetta.com.br\/?product=po-de-pedra","title":{"rendered":"P\u00f3 de Pedra M\u00e9dio"},"content":{"rendered":"<p>Tamb\u00e9m conhecido como\u00a0<strong>p\u00f3<\/strong>\u00a0de brita ou areia sint\u00e9tica, \u00e9 um material de constru\u00e7\u00e3o utilizado em cal\u00e7adas, asfaltos e na fabrica\u00e7\u00e3o de elementos pr\u00e9-moldados.\u00a0<strong>Serve<\/strong>\u00a0tamb\u00e9m para a prepara\u00e7\u00e3o de argamassa para assentamento e embo\u00e7o. \u00c9 utilizado em contrapiso para a estabiliza\u00e7\u00e3o do solo.<\/p>\n","protected":false},"excerpt":{"rendered":"<p>Tamb\u00e9m conhecido como\u00a0p\u00f3\u00a0de brita ou areia sint\u00e9tica, \u00e9 um material de constru\u00e7\u00e3o utilizado em cal\u00e7adas, asfaltos e na fabrica\u00e7\u00e3o de elementos pr\u00e9-moldados.\u00a0Serve\u00a0tamb\u00e9m para a prepara\u00e7\u00e3o de argamassa para assentamento e embo\u00e7o. \u00c9 utilizado em contrapiso para a estabiliza\u00e7\u00e3o do solo.<\/p>\n","protected":false},"featured_media":7367,"template":"","meta":[],"product_cat":[70,71],"product_tag":[],"_links":{"self":[{"href":"https:\/\/andreetta.com.br\/index.php?rest_route=\/wp\/v2\/product\/7122"}],"collection":[{"href":"https:\/\/andreetta.com.br\/index.php?rest_route=\/wp\/v2\/product"}],"about":[{"href":"https:\/\/andreetta.com.br\/index.php?rest_route=\/wp\/v2\/types\/product"}],"wp:featuredmedia":[{"embeddable":true,"href":"https:\/\/andreetta.com.br\/index.php?rest_route=\/wp\/v2\/media\/7367"}],"wp:attachment":[{"href":"https:\/\/andreetta.com.br\/index.php?rest_route=%2Fwp%2Fv2%2Fmedia&parent=7122"}],"wp:term":[{"taxonomy":"product_cat","embeddable":true,"href":"https:\/\/andreetta.com.br\/index.php?rest_route=%2Fwp%2Fv2%2Fproduct_cat&post=7122"},{"taxonomy":"product_tag","embeddable":true,"href":"https:\/\/andreetta.com.br\/index.php?rest_route=%2Fwp%2Fv2%2Fproduct_tag&post=7122"}],"curies":[{"name":"wp","href":"https:\/\/api.w.org\/{rel}","templated":true}]}}