{"id":7115,"date":"2021-08-12T16:56:11","date_gmt":"2021-08-12T19:56:11","guid":{"rendered":"http:\/\/162.241.92.114\/~andreetta\/?post_type=product&#038;p=7115"},"modified":"2021-11-22T11:01:45","modified_gmt":"2021-11-22T14:01:45","slug":"granilha","status":"publish","type":"product","link":"https:\/\/andreetta.com.br\/?product=granilha","title":{"rendered":"Granilha"},"content":{"rendered":"<p>A Granilha por possuir uma dimens\u00e3o menor, essa <strong>brita<\/strong> \u00e9 usada na fabrica\u00e7\u00e3o de blocos de concreto!<\/p>\n","protected":false},"excerpt":{"rendered":"<p>A Granilha por possuir uma dimens\u00e3o menor, essa brita \u00e9 usada na fabrica\u00e7\u00e3o de blocos de concreto!<\/p>\n","protected":false},"featured_media":7353,"template":"","meta":[],"product_cat":[70,71],"product_tag":[],"_links":{"self":[{"href":"https:\/\/andreetta.com.br\/index.php?rest_route=\/wp\/v2\/product\/7115"}],"collection":[{"href":"https:\/\/andreetta.com.br\/index.php?rest_route=\/wp\/v2\/product"}],"about":[{"href":"https:\/\/andreetta.com.br\/index.php?rest_route=\/wp\/v2\/types\/product"}],"wp:featuredmedia":[{"embeddable":true,"href":"https:\/\/andreetta.com.br\/index.php?rest_route=\/wp\/v2\/media\/7353"}],"wp:attachment":[{"href":"https:\/\/andreetta.com.br\/index.php?rest_route=%2Fwp%2Fv2%2Fmedia&parent=7115"}],"wp:term":[{"taxonomy":"product_cat","embeddable":true,"href":"https:\/\/andreetta.com.br\/index.php?rest_route=%2Fwp%2Fv2%2Fproduct_cat&post=7115"},{"taxonomy":"product_tag","embeddable":true,"href":"https:\/\/andreetta.com.br\/index.php?rest_route=%2Fwp%2Fv2%2Fproduct_tag&post=7115"}],"curies":[{"name":"wp","href":"https:\/\/api.w.org\/{rel}","templated":true}]}}