{"id":7110,"date":"2021-08-12T16:08:55","date_gmt":"2021-08-12T19:08:55","guid":{"rendered":"http:\/\/162.241.92.114\/~andreetta\/?post_type=product&#038;p=7110"},"modified":"2021-11-22T10:58:35","modified_gmt":"2021-11-22T13:58:35","slug":"brita-%c2%be","status":"publish","type":"product","link":"https:\/\/andreetta.com.br\/?product=brita-%c2%be","title":{"rendered":"Brita \u00be"},"content":{"rendered":"<p>A <strong>Brita \u00be<\/strong>\u00a0\u00e9 um min\u00e9rio um pouco maior que a 0, podendo variar o tamanho entre 9,5 mm e 19 mm, de acordo com a ABNT e com o Minist\u00e9rio de Minas e Energia. Muito usado na constru\u00e7\u00e3o civil e principalmente por construtoras, \u00e9 base para colunas de sustenta\u00e7\u00e3o, vigas e lajes.<\/p>\n","protected":false},"excerpt":{"rendered":"<p>A Brita \u00be\u00a0\u00e9 um min\u00e9rio um pouco maior que a 0, podendo variar o tamanho entre 9,5 mm e 19 mm, de acordo com a ABNT e com o Minist\u00e9rio de Minas e Energia. Muito usado na constru\u00e7\u00e3o civil e principalmente por construtoras, \u00e9 base para colunas de sustenta\u00e7\u00e3o, vigas e lajes.<\/p>\n","protected":false},"featured_media":7352,"template":"","meta":[],"product_cat":[70,71],"product_tag":[],"_links":{"self":[{"href":"https:\/\/andreetta.com.br\/index.php?rest_route=\/wp\/v2\/product\/7110"}],"collection":[{"href":"https:\/\/andreetta.com.br\/index.php?rest_route=\/wp\/v2\/product"}],"about":[{"href":"https:\/\/andreetta.com.br\/index.php?rest_route=\/wp\/v2\/types\/product"}],"wp:featuredmedia":[{"embeddable":true,"href":"https:\/\/andreetta.com.br\/index.php?rest_route=\/wp\/v2\/media\/7352"}],"wp:attachment":[{"href":"https:\/\/andreetta.com.br\/index.php?rest_route=%2Fwp%2Fv2%2Fmedia&parent=7110"}],"wp:term":[{"taxonomy":"product_cat","embeddable":true,"href":"https:\/\/andreetta.com.br\/index.php?rest_route=%2Fwp%2Fv2%2Fproduct_cat&post=7110"},{"taxonomy":"product_tag","embeddable":true,"href":"https:\/\/andreetta.com.br\/index.php?rest_route=%2Fwp%2Fv2%2Fproduct_tag&post=7110"}],"curies":[{"name":"wp","href":"https:\/\/api.w.org\/{rel}","templated":true}]}}