{"id":7109,"date":"2021-08-12T16:05:37","date_gmt":"2021-08-12T19:05:37","guid":{"rendered":"http:\/\/162.241.92.114\/~andreetta\/?post_type=product&#038;p=7109"},"modified":"2021-08-12T16:05:37","modified_gmt":"2021-08-12T19:05:37","slug":"base-graduada","status":"publish","type":"product","link":"https:\/\/andreetta.com.br\/?product=base-graduada","title":{"rendered":"Base Graduada"},"content":{"rendered":"<p><strong>Base graduada<\/strong>\u00a0\u00e9 a camada de\u00a0<strong>base<\/strong>\u00a0ou sub-<strong>base<\/strong>, composta por mistura em usina de produtos de britagem, apresentando granulometria cont\u00ednua, cuja estabiliza\u00e7\u00e3o \u00e9 obtida pela a\u00e7\u00e3o mec\u00e2nica do equipamento de compacta\u00e7\u00e3o.<\/p>\n","protected":false},"excerpt":{"rendered":"<p>Base graduada\u00a0\u00e9 a camada de\u00a0base\u00a0ou sub-base, composta por mistura em usina de produtos de britagem, apresentando granulometria cont\u00ednua, cuja estabiliza\u00e7\u00e3o \u00e9 obtida pela a\u00e7\u00e3o mec\u00e2nica do equipamento de compacta\u00e7\u00e3o.<\/p>\n","protected":false},"featured_media":6782,"template":"","meta":[],"product_cat":[70,71],"product_tag":[],"_links":{"self":[{"href":"https:\/\/andreetta.com.br\/index.php?rest_route=\/wp\/v2\/product\/7109"}],"collection":[{"href":"https:\/\/andreetta.com.br\/index.php?rest_route=\/wp\/v2\/product"}],"about":[{"href":"https:\/\/andreetta.com.br\/index.php?rest_route=\/wp\/v2\/types\/product"}],"wp:featuredmedia":[{"embeddable":true,"href":"https:\/\/andreetta.com.br\/index.php?rest_route=\/wp\/v2\/media\/6782"}],"wp:attachment":[{"href":"https:\/\/andreetta.com.br\/index.php?rest_route=%2Fwp%2Fv2%2Fmedia&parent=7109"}],"wp:term":[{"taxonomy":"product_cat","embeddable":true,"href":"https:\/\/andreetta.com.br\/index.php?rest_route=%2Fwp%2Fv2%2Fproduct_cat&post=7109"},{"taxonomy":"product_tag","embeddable":true,"href":"https:\/\/andreetta.com.br\/index.php?rest_route=%2Fwp%2Fv2%2Fproduct_tag&post=7109"}],"curies":[{"name":"wp","href":"https:\/\/api.w.org\/{rel}","templated":true}]}}