{"id":667,"date":"2017-07-01T06:06:08","date_gmt":"2017-07-01T09:06:08","guid":{"rendered":"http:\/\/radiustheme.com\/demo\/wordpress\/gtbuilder\/product\/product-1-copy-9\/"},"modified":"2021-09-01T11:17:34","modified_gmt":"2021-09-01T14:17:34","slug":"concreto-convencional","status":"publish","type":"product","link":"https:\/\/andreetta.com.br\/?product=concreto-convencional","title":{"rendered":"Concreto Convencional"},"content":{"rendered":"<p><strong>Caracter\u00edsticas<\/strong><br \/>\nDosado visando a obten\u00e7\u00e3o de concreto compat\u00edvel com as necessidades das obras correntes. Este concreto alcan\u00e7a resist\u00eancia de at\u00e9 40,0 MPa e pode ser lan\u00e7ado da forma convencional ou atrav\u00e9s de bombeamento.<\/p>\n<p><strong>Aplica\u00e7\u00f5es<\/strong><br \/>\nObras prediais<br \/>\nObras industriais<br \/>\nObras comerciais<br \/>\nEstruturas premoldadas<\/p>\n<p><strong>Vantagens<\/strong><br \/>\nRedu\u00e7\u00e3o no tempo de execu\u00e7\u00e3o da obra<br \/>\nRedu\u00e7\u00e3o de custos<\/p>\n","protected":false},"excerpt":{"rendered":"<p>Caracter\u00edsticas Dosado visando a obten\u00e7\u00e3o de concreto compat\u00edvel com as necessidades das obras correntes. Este concreto alcan\u00e7a resist\u00eancia de at\u00e9 40,0 MPa e pode ser lan\u00e7ado da forma convencional ou atrav\u00e9s de bombeamento. Aplica\u00e7\u00f5es Obras prediais Obras industriais Obras comerciais Estruturas premoldadas Vantagens Redu\u00e7\u00e3o no tempo de execu\u00e7\u00e3o da obra Redu\u00e7\u00e3o de custos<\/p>\n","protected":false},"featured_media":7315,"template":"","meta":[],"product_cat":[69],"product_tag":[],"_links":{"self":[{"href":"https:\/\/andreetta.com.br\/index.php?rest_route=\/wp\/v2\/product\/667"}],"collection":[{"href":"https:\/\/andreetta.com.br\/index.php?rest_route=\/wp\/v2\/product"}],"about":[{"href":"https:\/\/andreetta.com.br\/index.php?rest_route=\/wp\/v2\/types\/product"}],"wp:featuredmedia":[{"embeddable":true,"href":"https:\/\/andreetta.com.br\/index.php?rest_route=\/wp\/v2\/media\/7315"}],"wp:attachment":[{"href":"https:\/\/andreetta.com.br\/index.php?rest_route=%2Fwp%2Fv2%2Fmedia&parent=667"}],"wp:term":[{"taxonomy":"product_cat","embeddable":true,"href":"https:\/\/andreetta.com.br\/index.php?rest_route=%2Fwp%2Fv2%2Fproduct_cat&post=667"},{"taxonomy":"product_tag","embeddable":true,"href":"https:\/\/andreetta.com.br\/index.php?rest_route=%2Fwp%2Fv2%2Fproduct_tag&post=667"}],"curies":[{"name":"wp","href":"https:\/\/api.w.org\/{rel}","templated":true}]}}