{"id":666,"date":"2017-07-01T06:05:26","date_gmt":"2017-07-01T09:05:26","guid":{"rendered":"http:\/\/radiustheme.com\/demo\/wordpress\/gtbuilder\/product\/product-1-copy-8\/"},"modified":"2021-08-17T10:50:08","modified_gmt":"2021-08-17T13:50:08","slug":"argamassa-de-assentamento","status":"publish","type":"product","link":"https:\/\/andreetta.com.br\/?product=argamassa-de-assentamento","title":{"rendered":"Argamassa de Assentamento, Reboco"},"content":{"rendered":"<p>A Argamassa Estabilizada Andreetta \u00e9 desenvolvida seguindo um rigoroso procedimento de qualidade, composta por Aglomerantes, Areia, \u00c1gua e Aditivos e produzida em moderna central dosadora, com acompanhamento t\u00e9cnico especializado durante todos os processos produtivos, desde a programa\u00e7\u00e3o de entrega, recebimento da mat\u00e9ria prima, processo de produ\u00e7\u00e3o e acabamento final durante a aplica\u00e7\u00e3o<\/p>\n","protected":false},"excerpt":{"rendered":"<p>A Argamassa Estabilizada Andreetta \u00e9 desenvolvida seguindo um rigoroso procedimento de qualidade, composta por Aglomerantes, Areia, \u00c1gua e Aditivos e produzida em moderna central dosadora, com acompanhamento t\u00e9cnico especializado durante todos os processos produtivos, desde a programa\u00e7\u00e3o de entrega, recebimento da mat\u00e9ria prima, processo de produ\u00e7\u00e3o e acabamento final durante a aplica\u00e7\u00e3o<\/p>\n","protected":false},"featured_media":7153,"template":"redux-templates_canvas","meta":[],"product_cat":[68],"product_tag":[],"_links":{"self":[{"href":"https:\/\/andreetta.com.br\/index.php?rest_route=\/wp\/v2\/product\/666"}],"collection":[{"href":"https:\/\/andreetta.com.br\/index.php?rest_route=\/wp\/v2\/product"}],"about":[{"href":"https:\/\/andreetta.com.br\/index.php?rest_route=\/wp\/v2\/types\/product"}],"wp:featuredmedia":[{"embeddable":true,"href":"https:\/\/andreetta.com.br\/index.php?rest_route=\/wp\/v2\/media\/7153"}],"wp:attachment":[{"href":"https:\/\/andreetta.com.br\/index.php?rest_route=%2Fwp%2Fv2%2Fmedia&parent=666"}],"wp:term":[{"taxonomy":"product_cat","embeddable":true,"href":"https:\/\/andreetta.com.br\/index.php?rest_route=%2Fwp%2Fv2%2Fproduct_cat&post=666"},{"taxonomy":"product_tag","embeddable":true,"href":"https:\/\/andreetta.com.br\/index.php?rest_route=%2Fwp%2Fv2%2Fproduct_tag&post=666"}],"curies":[{"name":"wp","href":"https:\/\/api.w.org\/{rel}","templated":true}]}}