{"id":665,"date":"2017-07-01T06:04:37","date_gmt":"2017-07-01T09:04:37","guid":{"rendered":"http:\/\/radiustheme.com\/demo\/wordpress\/gtbuilder\/product\/product-1-copy-7\/"},"modified":"2021-08-11T11:44:28","modified_gmt":"2021-08-11T14:44:28","slug":"concreto-autoadensavel","status":"publish","type":"product","link":"https:\/\/andreetta.com.br\/?product=concreto-autoadensavel","title":{"rendered":"Concreto Autoadens\u00e1vel"},"content":{"rendered":"<p><strong>CARACTER\u00cdSTICAS<\/strong><br \/>\nComposto por aditivos hiperplastificantes, \u00e0 base de policarboxilatos, esse concreto super-fluido tem como caracter\u00edstica alta trabalhabilidade, medida atrav\u00e9s de seu fluxo ou espalhamento, tamb\u00e9m chamado flow. Em outras palavras, o concreto autoadens\u00e1vel n\u00e3o necessita do nivelamento de sua superf\u00edcie, por ser muito mais fluido que o concreto convencional, ele se acomoda nivelado, facilitando o trabalho na constru\u00e7\u00e3o civil.<\/p>\n<p>O concreto autoadens\u00e1vel preenche a superf\u00edcie das f\u00f4rmas de lajes e vigas com extrema facilidade, sem provocar segrega\u00e7\u00e3o dos insumos. Essa caracter\u00edstica elimina o uso de vibradores que poderiam prejudicar f\u00f4rmas e arma\u00e7\u00f5es e tamb\u00e9m diminui o ru\u00eddo na aplica\u00e7\u00e3o do concreto na obra \u2013 uma vez que dispensa os vibradores \u2013 trazendo ganho consider\u00e1vel para a m\u00e3o de obra e o ambiente, principalmente nas obras em centros urbanos.<\/p>\n<p><strong>APLICA\u00c7\u00d5ES<\/strong><br \/>\nObras prediais \u2013 locais de dif\u00edcil acesso<br \/>\nParedes, vigas, paredes diafragma e esta\u00e7\u00f5es \u2013 pe\u00e7as com grande concentra\u00e7\u00e3o de ferragens;<br \/>\nReservat\u00f3rios de \u00e1guas e piscinas, pisos, contra-pisos, lajes, pilares, muros, pain\u00e9is pe\u00e7as pequenas, com muitos detalhes ou com formato n\u00e3o convencional, onde seja dif\u00edcil a utiliza\u00e7\u00e3o de vibradores<br \/>\nObras com acabamento em concreto aparente \u2013 possibilidade de uso a partir de 25 MPa.<\/p>\n<p><strong>VANTAGENS<\/strong><br \/>\nOtimiza\u00e7\u00e3o de m\u00e3o-de-obra: dispensa o uso de vibradores, de espalhadores e niveladores, reduzindo em at\u00e9 2\/3 do n\u00famero de pessoas envolvidas em sua aplica\u00e7\u00e3o.<br \/>\nMaior rapidez na execu\u00e7\u00e3o da obra: se espalha espontaneamente, proporcionando agilidade aos servi\u00e7os.<br \/>\nElimina\u00e7\u00e3o de ru\u00eddos: dispensa o uso de vibradores, sendo indicado nos centros urbanos e concretagens feitas \u00e0 noite.<br \/>\nRedu\u00e7\u00e3o de custo de aplica\u00e7\u00e3o por metro c\u00fabico de concreto<br \/>\nGarantia de excelente acabamento em concreto aparente<br \/>\nFacilidade de bombeamento em grandes dist\u00e2ncias horizontais e verticais<br \/>\nAumento das possibilidades de trabalho com f\u00f4rmas de pequenas dimens\u00f5es<br \/>\nRedu\u00e7\u00e3o do custo final da obra em compara\u00e7\u00e3o ao sistema de concretagem convencional<\/p>\n","protected":false},"excerpt":{"rendered":"<p>CARACTER\u00cdSTICAS Composto por aditivos hiperplastificantes, \u00e0 base de policarboxilatos, esse concreto super-fluido tem como caracter\u00edstica alta trabalhabilidade, medida atrav\u00e9s de seu fluxo ou espalhamento, tamb\u00e9m chamado flow. Em outras palavras, o concreto autoadens\u00e1vel n\u00e3o necessita do nivelamento de sua superf\u00edcie, por ser muito mais fluido que o concreto convencional, ele se acomoda nivelado, facilitando o&#8230;<\/p>\n","protected":false},"featured_media":7087,"template":"","meta":[],"product_cat":[69],"product_tag":[],"_links":{"self":[{"href":"https:\/\/andreetta.com.br\/index.php?rest_route=\/wp\/v2\/product\/665"}],"collection":[{"href":"https:\/\/andreetta.com.br\/index.php?rest_route=\/wp\/v2\/product"}],"about":[{"href":"https:\/\/andreetta.com.br\/index.php?rest_route=\/wp\/v2\/types\/product"}],"wp:featuredmedia":[{"embeddable":true,"href":"https:\/\/andreetta.com.br\/index.php?rest_route=\/wp\/v2\/media\/7087"}],"wp:attachment":[{"href":"https:\/\/andreetta.com.br\/index.php?rest_route=%2Fwp%2Fv2%2Fmedia&parent=665"}],"wp:term":[{"taxonomy":"product_cat","embeddable":true,"href":"https:\/\/andreetta.com.br\/index.php?rest_route=%2Fwp%2Fv2%2Fproduct_cat&post=665"},{"taxonomy":"product_tag","embeddable":true,"href":"https:\/\/andreetta.com.br\/index.php?rest_route=%2Fwp%2Fv2%2Fproduct_tag&post=665"}],"curies":[{"name":"wp","href":"https:\/\/api.w.org\/{rel}","templated":true}]}}