{"id":661,"date":"2017-07-01T06:02:26","date_gmt":"2017-07-01T09:02:26","guid":{"rendered":"http:\/\/radiustheme.com\/demo\/wordpress\/gtbuilder\/product\/product-1-copy-3\/"},"modified":"2021-08-11T11:45:21","modified_gmt":"2021-08-11T14:45:21","slug":"concreto-bombeado","status":"publish","type":"product","link":"https:\/\/andreetta.com.br\/?product=concreto-bombeado","title":{"rendered":"Concreto Bombeado"},"content":{"rendered":"<p>O concreto bombeado conta com o acr\u00e9scimo de aditivos que faz com que o comp\u00f3sito tenha al\u00e9m da resist\u00eancia de projeto, caracter\u00edsticas relacionadas \u00e0 plasticidade, lubricidade, homogeneidade e tempo de pega corretamente ajustados \u00e0 opera\u00e7\u00e3o de recalque. Tudo isso a favor do desempenho e da durabilidade esperada.<\/p>\n","protected":false},"excerpt":{"rendered":"<p>O concreto bombeado conta com o acr\u00e9scimo de aditivos que faz com que o comp\u00f3sito tenha al\u00e9m da resist\u00eancia de projeto, caracter\u00edsticas relacionadas \u00e0 plasticidade, lubricidade, homogeneidade e tempo de pega corretamente ajustados \u00e0 opera\u00e7\u00e3o de recalque. Tudo isso a favor do desempenho e da durabilidade esperada.<\/p>\n","protected":false},"featured_media":7088,"template":"","meta":[],"product_cat":[69],"product_tag":[],"_links":{"self":[{"href":"https:\/\/andreetta.com.br\/index.php?rest_route=\/wp\/v2\/product\/661"}],"collection":[{"href":"https:\/\/andreetta.com.br\/index.php?rest_route=\/wp\/v2\/product"}],"about":[{"href":"https:\/\/andreetta.com.br\/index.php?rest_route=\/wp\/v2\/types\/product"}],"wp:featuredmedia":[{"embeddable":true,"href":"https:\/\/andreetta.com.br\/index.php?rest_route=\/wp\/v2\/media\/7088"}],"wp:attachment":[{"href":"https:\/\/andreetta.com.br\/index.php?rest_route=%2Fwp%2Fv2%2Fmedia&parent=661"}],"wp:term":[{"taxonomy":"product_cat","embeddable":true,"href":"https:\/\/andreetta.com.br\/index.php?rest_route=%2Fwp%2Fv2%2Fproduct_cat&post=661"},{"taxonomy":"product_tag","embeddable":true,"href":"https:\/\/andreetta.com.br\/index.php?rest_route=%2Fwp%2Fv2%2Fproduct_tag&post=661"}],"curies":[{"name":"wp","href":"https:\/\/api.w.org\/{rel}","templated":true}]}}