{"id":7003,"date":"2021-08-09T13:54:55","date_gmt":"2021-08-09T16:54:55","guid":{"rendered":"http:\/\/162.241.92.114\/~andreetta\/?page_id=7003"},"modified":"2021-11-12T17:21:26","modified_gmt":"2021-11-12T20:21:26","slug":"concreteira-passo-fundo-2","status":"publish","type":"page","link":"https:\/\/andreetta.com.br\/?page_id=7003","title":{"rendered":"Concreteira Passo Fundo"},"content":{"rendered":"\t\t<div data-elementor-type=\"wp-post\" data-elementor-id=\"7003\" class=\"elementor elementor-7003\" data-elementor-settings=\"[]\">\n\t\t\t\t\t\t<div class=\"elementor-inner\">\n\t\t\t\t\t\t\t<div class=\"elementor-section-wrap\">\n\t\t\t\t\t\t\t<section class=\"elementor-section elementor-top-section elementor-element elementor-element-2dbf4e0 elementor-section-boxed elementor-section-height-default elementor-section-height-default\" data-id=\"2dbf4e0\" data-element_type=\"section\">\n\t\t\t\t\t\t<div class=\"elementor-container elementor-column-gap-default\">\n\t\t\t\t\t\t\t<div class=\"elementor-row\">\n\t\t\t\t\t<div class=\"elementor-column elementor-col-100 elementor-top-column elementor-element elementor-element-1031da6\" data-id=\"1031da6\" data-element_type=\"column\">\n\t\t\t<div class=\"elementor-column-wrap elementor-element-populated\">\n\t\t\t\t\t\t\t<div class=\"elementor-widget-wrap\">\n\t\t\t\t\t\t<section class=\"elementor-section elementor-inner-section elementor-element elementor-element-7226f29 elementor-section-boxed elementor-section-height-default elementor-section-height-default\" data-id=\"7226f29\" data-element_type=\"section\">\n\t\t\t\t\t\t<div class=\"elementor-container elementor-column-gap-default\">\n\t\t\t\t\t\t\t<div class=\"elementor-row\">\n\t\t\t\t\t<div class=\"elementor-column elementor-col-50 elementor-inner-column elementor-element elementor-element-9a4c2ff\" data-id=\"9a4c2ff\" data-element_type=\"column\">\n\t\t\t<div class=\"elementor-column-wrap\">\n\t\t\t\t\t\t\t<div class=\"elementor-widget-wrap\">\n\t\t\t\t\t\t\t\t<\/div>\n\t\t\t\t\t<\/div>\n\t\t<\/div>\n\t\t\t\t<div class=\"elementor-column elementor-col-50 elementor-inner-column elementor-element elementor-element-3c66bda\" data-id=\"3c66bda\" data-element_type=\"column\">\n\t\t\t<div class=\"elementor-column-wrap\">\n\t\t\t\t\t\t\t<div class=\"elementor-widget-wrap\">\n\t\t\t\t\t\t\t\t<\/div>\n\t\t\t\t\t<\/div>\n\t\t<\/div>\n\t\t\t\t\t\t\t\t<\/div>\n\t\t\t\t\t<\/div>\n\t\t<\/section>\n\t\t\t\t<div class=\"elementor-element elementor-element-e249e48 elementor-widget elementor-widget-text-editor\" data-id=\"e249e48\" data-element_type=\"widget\" data-widget_type=\"text-editor.default\">\n\t\t\t\t<div class=\"elementor-widget-container\">\n\t\t\t\t\t\t\t\t<div class=\"elementor-text-editor elementor-clearfix\">\n\t\t\t\t<p>Lorem ipsum dolor sit amet, consectetur adipiscing elit. Ut elit tellus, luctus nec ullamcorper mattis, pulvinar dapibus leo.<\/p>\t\t\t\t\t<\/div>\n\t\t\t\t\t\t<\/div>\n\t\t\t\t<\/div>\n\t\t\t\t<div class=\"elementor-element elementor-element-e4bf787 elementor-widget elementor-widget-heading\" data-id=\"e4bf787\" data-element_type=\"widget\" data-widget_type=\"heading.default\">\n\t\t\t\t<div class=\"elementor-widget-container\">\n\t\t\t<h2 class=\"elementor-heading-title elementor-size-xl\">Contribui\u00e7\u00e3o Social<\/h2>\t\t<\/div>\n\t\t\t\t<\/div>\n\t\t\t\t\t\t<\/div>\n\t\t\t\t\t<\/div>\n\t\t<\/div>\n\t\t\t\t\t\t\t\t<\/div>\n\t\t\t\t\t<\/div>\n\t\t<\/section>\n\t\t\t\t<div class=\"elementor-section elementor-top-section elementor-element elementor-element-60d0fa3 elementor-section-full_width elementor-section-stretched elementor-section-height-default elementor-section-height-default\" data-id=\"60d0fa3\" data-element_type=\"section\" data-settings=\"{&quot;background_background&quot;:&quot;classic&quot;,&quot;stretch_section&quot;:&quot;section-stretched&quot;}\">\n\t\t\t\t\t\t<div class=\"elementor-container elementor-column-gap-default\">\n\t\t\t\t\t\t\t<div class=\"elementor-row\">\n\t\t\t\t\t<div class=\"elementor-column elementor-col-50 elementor-top-column elementor-element elementor-element-8764a22\" data-id=\"8764a22\" data-element_type=\"column\">\n\t\t\t<div class=\"elementor-column-wrap elementor-element-populated\">\n\t\t\t\t\t\t\t<div class=\"elementor-widget-wrap\">\n\t\t\t\t\t\t<div class=\"elementor-element elementor-element-2c82951 elementor-widget elementor-widget-rt-title-content-button\" data-id=\"2c82951\" data-element_type=\"widget\" data-widget_type=\"rt-title-content-button.default\">\n\t\t\t\t<div class=\"elementor-widget-container\">\n\t\t\t<div class=\"rtel-title-content-button2 view-2\">\n    <h2 class=\"title title-bar-xl1\">\n      Concreteira Passo Fundo\n    <\/h2>\n    <div class=\"subtitle\"><\/div>\n    <div class=\"rtin-text\"><p>Com 49 anos de experi\u00eancia no segmento, a Andreetta, preza pela entrega de uma equipe qualificada e dedicada, entregando cada solu\u00e7\u00e3o com extrema agilidade, qualidade e tecnologia. Buscando melhorar e transformar positivamente a realidade da Regi\u00e3o. Para solu\u00e7\u00f5es robustas e tecnol\u00f3gicas, confie em quem \u00e9 refer\u00eancia! <\/p>\n<p>ANDREETTA,<br \/>\nTransformando Horizontes!<\/p>\n<\/div>\n    \n<\/div>\n\t\t<\/div>\n\t\t\t\t<\/div>\n\t\t\t\t\t\t<\/div>\n\t\t\t\t\t<\/div>\n\t\t<\/div>\n\t\t\t\t<div class=\"elementor-column elementor-col-50 elementor-top-column elementor-element elementor-element-319814c\" data-id=\"319814c\" data-element_type=\"column\">\n\t\t\t<div class=\"elementor-column-wrap elementor-element-populated\">\n\t\t\t\t\t\t\t<div class=\"elementor-widget-wrap\">\n\t\t\t\t\t\t<div class=\"elementor-element elementor-element-cfafe1a elementor-widget elementor-widget-rt-background-image\" data-id=\"cfafe1a\" data-element_type=\"widget\" data-widget_type=\"rt-background-image.default\">\n\t\t\t\t<div class=\"elementor-widget-container\">\n\t\t\t\n<div class=\"rtel-background-image\" style=\"background-image: url(https:\/\/andreetta.com.br\/wp-content\/uploads\/2021\/08\/Concreteira-1.png);\"><\/div>\n\n\t\t<\/div>\n\t\t\t\t<\/div>\n\t\t\t\t\t\t<\/div>\n\t\t\t\t\t<\/div>\n\t\t<\/div>\n\t\t\t\t\t\t\t\t<\/div>\n\t\t\t\t\t<\/div>\n\t\t<\/div>\n\t\t\t\t<section class=\"elementor-section elementor-top-section elementor-element elementor-element-4a51671 elementor-section-stretched elementor-section-boxed elementor-section-height-default elementor-section-height-default\" data-id=\"4a51671\" data-element_type=\"section\" data-settings=\"{&quot;stretch_section&quot;:&quot;section-stretched&quot;}\">\n\t\t\t\t\t\t<div class=\"elementor-container elementor-column-gap-default\">\n\t\t\t\t\t\t\t<div class=\"elementor-row\">\n\t\t\t\t\t<div class=\"elementor-column elementor-col-100 elementor-top-column elementor-element elementor-element-7cc7932\" data-id=\"7cc7932\" data-element_type=\"column\">\n\t\t\t<div class=\"elementor-column-wrap elementor-element-populated\">\n\t\t\t\t\t\t\t<div class=\"elementor-widget-wrap\">\n\t\t\t\t\t\t<div class=\"elementor-element elementor-element-fa4978a elementor-widget elementor-widget-rt-section-title-subtitle\" data-id=\"fa4978a\" data-element_type=\"widget\" data-widget_type=\"rt-section-title-subtitle.default\">\n\t\t\t\t<div class=\"elementor-widget-container\">\n\t\t\t<div class=\"rtel-section-title \">\n    <h2 class=\"rtin-title\"><\/h2>\n    <\/div>\n\t\t<\/div>\n\t\t\t\t<\/div>\n\t\t\t\t<div class=\"elementor-element elementor-element-ff132cd elementor-widget elementor-widget-rt-product-slider\" data-id=\"ff132cd\" data-element_type=\"widget\" data-widget_type=\"rt-product-slider.default\">\n\t\t\t\t<div class=\"elementor-widget-container\">\n\t\t\t<div class=\"rt-el-product-slider rt-el-product-slider-1\">\n  <div id=\"69e229e0887d4\" class=\"rtin-smart-nav-layout-product\"><\/div>\n\t\t\t<div class=\"rtin-items owl-theme owl-custom-nav owl-carousel rt-owl-carousel\" data-carousel-options=\"{&quot;nav&quot;:false,&quot;dots&quot;:false,&quot;autoplay&quot;:false,&quot;autoplayTimeout&quot;:&quot;5000&quot;,&quot;autoplaySpeed&quot;:200,&quot;autoplayHoverPause&quot;:true,&quot;loop&quot;:true,&quot;margin&quot;:30,&quot;responsive&quot;:{&quot;0&quot;:{&quot;items&quot;:&quot;1&quot;},&quot;480&quot;:{&quot;items&quot;:&quot;3&quot;},&quot;768&quot;:{&quot;items&quot;:&quot;3&quot;},&quot;992&quot;:{&quot;items&quot;:&quot;3&quot;},&quot;1200&quot;:{&quot;items&quot;:&quot;3&quot;}},&quot;navContainer&quot;:&quot;#69e229e0887d4&quot;,&quot;navText&quot;:[&quot;&lt;i class=\\&quot;flaticon-left-arrow\\&quot; aria-hidden=\\&quot;true\\&quot;&gt;&lt;\\\/i&gt;&quot;,&quot;&lt;i class=\\&quot;flaticon-right-arrow\\&quot; aria-hidden=\\&quot;true\\&quot;&gt;&lt;\\\/i&gt;&quot;]}\">\n\n\t\t\t\t\t\t\t\n<div class=\"rt-product-block rt-product-block-1\">\n\n  <div class=\"rtin-thumb-wrapper\">\n    <a href=\"https:\/\/andreetta.com.br\/?product=concreto-convencional\" class=\"rtin-thumb\">\n      <img width=\"300\" height=\"300\" src=\"https:\/\/andreetta.com.br\/wp-content\/uploads\/2017\/07\/Convencional-2-300x300.png\" class=\"attachment-woocommerce_thumbnail size-woocommerce_thumbnail\" alt=\"\" loading=\"lazy\" \/>    <\/a>\n        <ul class=\"shop-action-items\">\n      <li class=\"rt-cart-icon\"><a rel=\"nofollow\" href=\"https:\/\/andreetta.com.br\/?product=concreto-convencional\" data-quantity=\"1\" data-product_id=\"667\" data-product_sku=\"\" class=\"flaticon-shopping-cart button product_type_simple ajax_add_to_cart\"><\/a><\/li>\n                <\/ul>\n  <\/div>\n\n  <h3 class=\"rtin-title\"><a href=\"https:\/\/andreetta.com.br\/?product=concreto-convencional\">Concreto Convencional<\/a><\/h3>\n\n  \n  \n<\/div>\t\t\t\t\t\t\t\n<div class=\"rt-product-block rt-product-block-1\">\n\n  <div class=\"rtin-thumb-wrapper\">\n    <a href=\"https:\/\/andreetta.com.br\/?product=concreto-autoadensavel\" class=\"rtin-thumb\">\n      <img width=\"300\" height=\"300\" src=\"https:\/\/andreetta.com.br\/wp-content\/uploads\/2017\/07\/Concreto-autodensavel-300x300.png\" class=\"attachment-woocommerce_thumbnail size-woocommerce_thumbnail\" alt=\"\" loading=\"lazy\" \/>    <\/a>\n        <ul class=\"shop-action-items\">\n      <li class=\"rt-cart-icon\"><a rel=\"nofollow\" href=\"https:\/\/andreetta.com.br\/?product=concreto-autoadensavel\" data-quantity=\"1\" data-product_id=\"665\" data-product_sku=\"\" class=\"flaticon-shopping-cart button product_type_simple ajax_add_to_cart\"><\/a><\/li>\n                <\/ul>\n  <\/div>\n\n  <h3 class=\"rtin-title\"><a href=\"https:\/\/andreetta.com.br\/?product=concreto-autoadensavel\">Concreto Autoadens\u00e1vel<\/a><\/h3>\n\n  \n  \n<\/div>\t\t\t\t\t\t\t\n<div class=\"rt-product-block rt-product-block-1\">\n\n  <div class=\"rtin-thumb-wrapper\">\n    <a href=\"https:\/\/andreetta.com.br\/?product=concreto-bombeado\" class=\"rtin-thumb\">\n      <img width=\"300\" height=\"300\" src=\"https:\/\/andreetta.com.br\/wp-content\/uploads\/2017\/07\/Bombeamento-300x300.png\" class=\"attachment-woocommerce_thumbnail size-woocommerce_thumbnail\" alt=\"\" loading=\"lazy\" \/>    <\/a>\n        <ul class=\"shop-action-items\">\n      <li class=\"rt-cart-icon\"><a rel=\"nofollow\" href=\"https:\/\/andreetta.com.br\/?product=concreto-bombeado\" data-quantity=\"1\" data-product_id=\"661\" data-product_sku=\"\" class=\"flaticon-shopping-cart button product_type_simple ajax_add_to_cart\"><\/a><\/li>\n                <\/ul>\n  <\/div>\n\n  <h3 class=\"rtin-title\"><a href=\"https:\/\/andreetta.com.br\/?product=concreto-bombeado\">Concreto Bombeado<\/a><\/h3>\n\n  \n  \n<\/div>\t\t\t\t\t<\/div>\n\t<\/div>\n\t\t<\/div>\n\t\t\t\t<\/div>\n\t\t\t\t\t\t<\/div>\n\t\t\t\t\t<\/div>\n\t\t<\/div>\n\t\t\t\t\t\t\t\t<\/div>\n\t\t\t\t\t<\/div>\n\t\t<\/section>\n\t\t\t\t\t\t<\/div>\n\t\t\t\t\t\t<\/div>\n\t\t\t\t\t<\/div>\n\t\t","protected":false},"excerpt":{"rendered":"<p>Lorem ipsum dolor sit amet, consectetur adipiscing elit. Ut elit tellus, luctus nec ullamcorper mattis, pulvinar dapibus leo. Contribui\u00e7\u00e3o Social Concreteira Passo Fundo Com 49 anos de experi\u00eancia no segmento, a Andreetta, preza pela entrega de uma equipe qualificada e dedicada, entregando cada solu\u00e7\u00e3o com extrema agilidade, qualidade e tecnologia. Buscando melhorar e transformar positivamente&#8230;<\/p>\n","protected":false},"author":1,"featured_media":0,"parent":0,"menu_order":0,"comment_status":"closed","ping_status":"closed","template":"","meta":[],"featured_image_src":null,"featured_image_src_square":null,"_links":{"self":[{"href":"https:\/\/andreetta.com.br\/index.php?rest_route=\/wp\/v2\/pages\/7003"}],"collection":[{"href":"https:\/\/andreetta.com.br\/index.php?rest_route=\/wp\/v2\/pages"}],"about":[{"href":"https:\/\/andreetta.com.br\/index.php?rest_route=\/wp\/v2\/types\/page"}],"author":[{"embeddable":true,"href":"https:\/\/andreetta.com.br\/index.php?rest_route=\/wp\/v2\/users\/1"}],"replies":[{"embeddable":true,"href":"https:\/\/andreetta.com.br\/index.php?rest_route=%2Fwp%2Fv2%2Fcomments&post=7003"}],"version-history":[{"count":62,"href":"https:\/\/andreetta.com.br\/index.php?rest_route=\/wp\/v2\/pages\/7003\/revisions"}],"predecessor-version":[{"id":7342,"href":"https:\/\/andreetta.com.br\/index.php?rest_route=\/wp\/v2\/pages\/7003\/revisions\/7342"}],"wp:attachment":[{"href":"https:\/\/andreetta.com.br\/index.php?rest_route=%2Fwp%2Fv2%2Fmedia&parent=7003"}],"curies":[{"name":"wp","href":"https:\/\/api.w.org\/{rel}","templated":true}]}}