{"id":4626,"date":"2019-04-11T04:27:20","date_gmt":"2019-04-11T07:27:20","guid":{"rendered":"http:\/\/162.241.92.114\/~andreetta\/?page_id=4626"},"modified":"2021-11-12T17:47:55","modified_gmt":"2021-11-12T20:47:55","slug":"concminera","status":"publish","type":"page","link":"https:\/\/andreetta.com.br\/?page_id=4626","title":{"rendered":"Minera\u00e7\u00e3o"},"content":{"rendered":"\t\t<div data-elementor-type=\"wp-post\" data-elementor-id=\"4626\" class=\"elementor elementor-4626\" data-elementor-settings=\"[]\">\n\t\t\t\t\t\t<div class=\"elementor-inner\">\n\t\t\t\t\t\t\t<div class=\"elementor-section-wrap\">\n\t\t\t\t\t\t\t<section class=\"elementor-section elementor-top-section elementor-element elementor-element-20a58b3 elementor-section-boxed elementor-section-height-default elementor-section-height-default\" data-id=\"20a58b3\" data-element_type=\"section\">\n\t\t\t\t\t\t<div class=\"elementor-container elementor-column-gap-default\">\n\t\t\t\t\t\t\t<div class=\"elementor-row\">\n\t\t\t\t\t<div class=\"elementor-column elementor-col-100 elementor-top-column elementor-element elementor-element-bf1a5af\" data-id=\"bf1a5af\" data-element_type=\"column\">\n\t\t\t<div class=\"elementor-column-wrap\">\n\t\t\t\t\t\t\t<div class=\"elementor-widget-wrap\">\n\t\t\t\t\t\t\t\t<\/div>\n\t\t\t\t\t<\/div>\n\t\t<\/div>\n\t\t\t\t\t\t\t\t<\/div>\n\t\t\t\t\t<\/div>\n\t\t<\/section>\n\t\t\t\t<section class=\"elementor-section elementor-top-section elementor-element elementor-element-08199ab elementor-section-boxed elementor-section-height-default elementor-section-height-default\" data-id=\"08199ab\" data-element_type=\"section\">\n\t\t\t\t\t\t<div class=\"elementor-container elementor-column-gap-default\">\n\t\t\t\t\t\t\t<div class=\"elementor-row\">\n\t\t\t\t\t<div class=\"elementor-column elementor-col-100 elementor-top-column elementor-element elementor-element-cf3fc6c\" data-id=\"cf3fc6c\" data-element_type=\"column\">\n\t\t\t<div class=\"elementor-column-wrap elementor-element-populated\">\n\t\t\t\t\t\t\t<div class=\"elementor-widget-wrap\">\n\t\t\t\t\t\t<section class=\"elementor-section elementor-inner-section elementor-element elementor-element-1226b3a elementor-section-boxed elementor-section-height-default elementor-section-height-default\" data-id=\"1226b3a\" data-element_type=\"section\">\n\t\t\t\t\t\t<div class=\"elementor-container elementor-column-gap-default\">\n\t\t\t\t\t\t\t<div class=\"elementor-row\">\n\t\t\t\t\t<div class=\"elementor-column elementor-col-50 elementor-inner-column elementor-element elementor-element-7d8bed4\" data-id=\"7d8bed4\" data-element_type=\"column\">\n\t\t\t<div class=\"elementor-column-wrap\">\n\t\t\t\t\t\t\t<div class=\"elementor-widget-wrap\">\n\t\t\t\t\t\t\t\t<\/div>\n\t\t\t\t\t<\/div>\n\t\t<\/div>\n\t\t\t\t<div class=\"elementor-column elementor-col-50 elementor-inner-column elementor-element elementor-element-19a766e\" data-id=\"19a766e\" data-element_type=\"column\">\n\t\t\t<div class=\"elementor-column-wrap\">\n\t\t\t\t\t\t\t<div class=\"elementor-widget-wrap\">\n\t\t\t\t\t\t\t\t<\/div>\n\t\t\t\t\t<\/div>\n\t\t<\/div>\n\t\t\t\t\t\t\t\t<\/div>\n\t\t\t\t\t<\/div>\n\t\t<\/section>\n\t\t\t\t\t\t<\/div>\n\t\t\t\t\t<\/div>\n\t\t<\/div>\n\t\t\t\t\t\t\t\t<\/div>\n\t\t\t\t\t<\/div>\n\t\t<\/section>\n\t\t\t\t<div class=\"elementor-section elementor-top-section elementor-element elementor-element-5fc135b elementor-section-stretched elementor-section-full_width elementor-section-height-default elementor-section-height-default\" data-id=\"5fc135b\" data-element_type=\"section\" data-settings=\"{&quot;stretch_section&quot;:&quot;section-stretched&quot;,&quot;background_background&quot;:&quot;classic&quot;}\">\n\t\t\t\t\t\t<div class=\"elementor-container elementor-column-gap-default\">\n\t\t\t\t\t\t\t<div class=\"elementor-row\">\n\t\t\t\t\t<div class=\"elementor-column elementor-col-50 elementor-top-column elementor-element elementor-element-b976cc5\" data-id=\"b976cc5\" data-element_type=\"column\">\n\t\t\t<div class=\"elementor-column-wrap elementor-element-populated\">\n\t\t\t\t\t\t\t<div class=\"elementor-widget-wrap\">\n\t\t\t\t\t\t<section class=\"elementor-section elementor-inner-section elementor-element elementor-element-6492d90 elementor-stretch-container-left elementor-section-boxed elementor-section-height-default elementor-section-height-default\" data-id=\"6492d90\" data-element_type=\"section\">\n\t\t\t\t\t\t<div class=\"elementor-container elementor-column-gap-default\">\n\t\t\t\t\t\t\t<div class=\"elementor-row\">\n\t\t\t\t\t<div class=\"elementor-column elementor-col-100 elementor-inner-column elementor-element elementor-element-8216d4b\" data-id=\"8216d4b\" data-element_type=\"column\">\n\t\t\t<div class=\"elementor-column-wrap elementor-element-populated\">\n\t\t\t\t\t\t\t<div class=\"elementor-widget-wrap\">\n\t\t\t\t\t\t<div class=\"elementor-element elementor-element-ab59ee9 elementor-widget elementor-widget-rt-title-content-button\" data-id=\"ab59ee9\" data-element_type=\"widget\" data-widget_type=\"rt-title-content-button.default\">\n\t\t\t\t<div class=\"elementor-widget-container\">\n\t\t\t<div class=\"rtel-title-content-button2 view-2\">\n    <h2 class=\"title title-bar-xl1\">\n      Minera\u00e7\u00e3o Passo Fundo\n    <\/h2>\n    <div class=\"subtitle\"><\/div>\n    <div class=\"rtin-text\"><p>Os irm\u00e3os Andreetta fundaram a primeira empresa em 1971, na cidade de Passo Fundo, Rio Grande do Sul, a partir da extra\u00e7\u00e3o mineral. Desde ent\u00e3o o Grupo Andreetta vem crescendo continuamente, alcan\u00e7ando v\u00e1rios setores ligados a constru\u00e7\u00e3o, sempre firmado em valores familiares, valorizando as pessoas.<\/p>\n<\/div>\n    \n<\/div>\n\t\t<\/div>\n\t\t\t\t<\/div>\n\t\t\t\t\t\t<\/div>\n\t\t\t\t\t<\/div>\n\t\t<\/div>\n\t\t\t\t\t\t\t\t<\/div>\n\t\t\t\t\t<\/div>\n\t\t<\/section>\n\t\t\t\t\t\t<\/div>\n\t\t\t\t\t<\/div>\n\t\t<\/div>\n\t\t\t\t<div class=\"elementor-column elementor-col-50 elementor-top-column elementor-element elementor-element-1503067\" data-id=\"1503067\" data-element_type=\"column\">\n\t\t\t<div class=\"elementor-column-wrap elementor-element-populated\">\n\t\t\t\t\t\t\t<div class=\"elementor-widget-wrap\">\n\t\t\t\t\t\t<div class=\"elementor-element elementor-element-12d11d5 elementor-widget elementor-widget-rt-background-image\" data-id=\"12d11d5\" data-element_type=\"widget\" data-widget_type=\"rt-background-image.default\">\n\t\t\t\t<div class=\"elementor-widget-container\">\n\t\t\t\n<div class=\"rtel-background-image\" style=\"background-image: url(https:\/\/andreetta.com.br\/wp-content\/uploads\/2021\/08\/Pedreira.png);\"><\/div>\n\n\t\t<\/div>\n\t\t\t\t<\/div>\n\t\t\t\t\t\t<\/div>\n\t\t\t\t\t<\/div>\n\t\t<\/div>\n\t\t\t\t\t\t\t\t<\/div>\n\t\t\t\t\t<\/div>\n\t\t<\/div>\n\t\t\t\t<div class=\"elementor-section elementor-top-section elementor-element elementor-element-67b3231 elementor-section-stretched elementor-section-full_width elementor-section-content-space-evenly elementor-section-height-default elementor-section-height-default\" data-id=\"67b3231\" data-element_type=\"section\" data-settings=\"{&quot;stretch_section&quot;:&quot;section-stretched&quot;,&quot;background_background&quot;:&quot;classic&quot;}\">\n\t\t\t\t\t\t<div class=\"elementor-container elementor-column-gap-default\">\n\t\t\t\t\t\t\t<div class=\"elementor-row\">\n\t\t\t\t\t<div class=\"elementor-column elementor-col-50 elementor-top-column elementor-element elementor-element-175e028\" data-id=\"175e028\" data-element_type=\"column\">\n\t\t\t<div class=\"elementor-column-wrap elementor-element-populated\">\n\t\t\t\t\t\t\t<div class=\"elementor-widget-wrap\">\n\t\t\t\t\t\t<div class=\"elementor-element elementor-element-0d8652f elementor-widget elementor-widget-rt-background-image\" data-id=\"0d8652f\" data-element_type=\"widget\" data-widget_type=\"rt-background-image.default\">\n\t\t\t\t<div class=\"elementor-widget-container\">\n\t\t\t\n<div class=\"rtel-background-image\" style=\"background-image: url(https:\/\/andreetta.com.br\/wp-content\/uploads\/2021\/08\/Mineracao-Erechim.png);\"><\/div>\n\n\t\t<\/div>\n\t\t\t\t<\/div>\n\t\t\t\t\t\t<\/div>\n\t\t\t\t\t<\/div>\n\t\t<\/div>\n\t\t\t\t<div class=\"elementor-column elementor-col-50 elementor-top-column elementor-element elementor-element-295b586\" data-id=\"295b586\" data-element_type=\"column\">\n\t\t\t<div class=\"elementor-column-wrap elementor-element-populated\">\n\t\t\t\t\t\t\t<div class=\"elementor-widget-wrap\">\n\t\t\t\t\t\t<div class=\"elementor-element elementor-element-ca4bc3d elementor-widget elementor-widget-rt-title-content-button\" data-id=\"ca4bc3d\" data-element_type=\"widget\" data-widget_type=\"rt-title-content-button.default\">\n\t\t\t\t<div class=\"elementor-widget-container\">\n\t\t\t<div class=\"rtel-title-content-button2 view-2\">\n    <h2 class=\"title title-bar-xl1\">\n      Minera\u00e7\u00e3o Erechim    <\/h2>\n    <div class=\"subtitle\"><\/div>\n    <div class=\"rtin-text\"><p>Minera\u00e7\u00e3o Andreetta Erechim tem em seu portfolio cerca de 12 produtos extra\u00eddo das suas pedreira, com em qualidade e responsabilidade social, transformando seus produtos em desenvolvimento para Erechim e regi\u00e3o.<\/p>\n<\/div>\n    \n<\/div>\n\t\t<\/div>\n\t\t\t\t<\/div>\n\t\t\t\t\t\t<\/div>\n\t\t\t\t\t<\/div>\n\t\t<\/div>\n\t\t\t\t\t\t\t\t<\/div>\n\t\t\t\t\t<\/div>\n\t\t<\/div>\n\t\t\t\t<div class=\"elementor-section elementor-top-section elementor-element elementor-element-b7fd635 elementor-section-stretched elementor-section-full_width elementor-section-height-default elementor-section-height-default\" data-id=\"b7fd635\" data-element_type=\"section\" data-settings=\"{&quot;stretch_section&quot;:&quot;section-stretched&quot;}\">\n\t\t\t\t\t\t<div class=\"elementor-container elementor-column-gap-no\">\n\t\t\t\t\t\t\t<div class=\"elementor-row\">\n\t\t\t\t\t<div class=\"elementor-column elementor-col-100 elementor-top-column elementor-element elementor-element-d3a7970\" data-id=\"d3a7970\" data-element_type=\"column\">\n\t\t\t<div class=\"elementor-column-wrap elementor-element-populated\">\n\t\t\t\t\t\t\t<div class=\"elementor-widget-wrap\">\n\t\t\t\t\t\t<div class=\"elementor-element elementor-element-dc968f7 elementor-widget elementor-widget-rt-call-to-action\" data-id=\"dc968f7\" data-element_type=\"widget\" data-widget_type=\"rt-call-to-action.default\">\n\t\t\t\t<div class=\"elementor-widget-container\">\n\t\t\t<section class=\"rtel-call-to-action \">\n  <div class=\"rtin-content\">\n    <div class=\"container\">\n      <div class=\"row\">\n        <div class=\"col-xl-9 col-lg-8 rtin-content-left\">\n          <h2>\n            Procurando a melhor op\u00e7\u00e3o em Minera\u00e7\u00e3o? Entre em contato conosco!          <\/h2>\n        <\/div>\n        <div class=\"col-xl-3 col-lg-4 rtin-content-right\">\n          <a class='item-btn' href='https:\/\/web.whatsapp.com\/send?phone=5551996652683&amp;text=Ol%C3%A1,%20somos%20da%20empresa%20Andreetta,%20%C3%A9%20um%20prazer%20atend%C3%AA-lo'><span>Or\u00e7amento<i class=\"fa fa-angle-right\"><\/i><\/span><\/a>        <\/div>\n      <\/div>\n    <\/div>\n  <\/div>\n<\/section>\n\t\t<\/div>\n\t\t\t\t<\/div>\n\t\t\t\t\t\t<\/div>\n\t\t\t\t\t<\/div>\n\t\t<\/div>\n\t\t\t\t\t\t\t\t<\/div>\n\t\t\t\t\t<\/div>\n\t\t<\/div>\n\t\t\t\t\t\t<\/div>\n\t\t\t\t\t\t<\/div>\n\t\t\t\t\t<\/div>\n\t\t","protected":false},"excerpt":{"rendered":"<p>Minera\u00e7\u00e3o Passo Fundo Os irm\u00e3os Andreetta fundaram a primeira empresa em 1971, na cidade de Passo Fundo, Rio Grande do Sul, a partir da extra\u00e7\u00e3o mineral. Desde ent\u00e3o o Grupo Andreetta vem crescendo continuamente, alcan\u00e7ando v\u00e1rios setores ligados a constru\u00e7\u00e3o, sempre firmado em valores familiares, valorizando as pessoas. Minera\u00e7\u00e3o Erechim Minera\u00e7\u00e3o Andreetta Erechim tem em&#8230;<\/p>\n","protected":false},"author":1,"featured_media":0,"parent":0,"menu_order":0,"comment_status":"closed","ping_status":"closed","template":"","meta":[],"featured_image_src":null,"featured_image_src_square":null,"_links":{"self":[{"href":"https:\/\/andreetta.com.br\/index.php?rest_route=\/wp\/v2\/pages\/4626"}],"collection":[{"href":"https:\/\/andreetta.com.br\/index.php?rest_route=\/wp\/v2\/pages"}],"about":[{"href":"https:\/\/andreetta.com.br\/index.php?rest_route=\/wp\/v2\/types\/page"}],"author":[{"embeddable":true,"href":"https:\/\/andreetta.com.br\/index.php?rest_route=\/wp\/v2\/users\/1"}],"replies":[{"embeddable":true,"href":"https:\/\/andreetta.com.br\/index.php?rest_route=%2Fwp%2Fv2%2Fcomments&post=4626"}],"version-history":[{"count":68,"href":"https:\/\/andreetta.com.br\/index.php?rest_route=\/wp\/v2\/pages\/4626\/revisions"}],"predecessor-version":[{"id":7348,"href":"https:\/\/andreetta.com.br\/index.php?rest_route=\/wp\/v2\/pages\/4626\/revisions\/7348"}],"wp:attachment":[{"href":"https:\/\/andreetta.com.br\/index.php?rest_route=%2Fwp%2Fv2%2Fmedia&parent=4626"}],"curies":[{"name":"wp","href":"https:\/\/api.w.org\/{rel}","templated":true}]}}